{"id":975,"date":"2019-11-29T00:00:28","date_gmt":"2019-11-28T22:00:28","guid":{"rendered":"http:\/\/winterball-oldenburg.de\/wordpress\/?page_id=975"},"modified":"2026-02-09T11:04:11","modified_gmt":"2026-02-09T09:04:11","slug":"startseite","status":"publish","type":"page","link":"https:\/\/winterball-oldenburg.de\/wordpress\/","title":{"rendered":"Oldenburger Winterball"},"content":{"rendered":"<div class=\"\">\n<p>Am 28. November 2026 ist es wieder soweit: Die Oldenburger Tanzsportvereine TTC Oldenburg und TCH Oldenburg laden zum Oldenburger Winterball ein.<\/p>\n<p>Diese Veranstaltung, die in diesem Jahr bereits zum 13. Mal stattfindet, ist mittlerweile zu einer festen Gr\u00f6\u00dfe in den Kalendern vieler Tanzbegeisterten aus Oldenburg und dem Umland geworden.<\/p>\n<p>Der Ball bietet allen, die Spa\u00df am Tanzen haben, die M\u00f6glichkeit, dieser Leidenschaft auch einmal in festlicher Atmosph\u00e4re nachzugehen und auf der gro\u00dfen Tanzfl\u00e4che eine rauschende Ballnacht zu erleben.<\/p>\n<p>Auch in diesem Jahr wird die bekannte Hamburger Band &#8222;Party Time Trio&#8220; mit exzellenter Tanzmusik daf\u00fcr sorgen, dass keine Musik W\u00fcnsche offen bleiben und die Tanzfl\u00e4che gut gef\u00fcllt sein wird.<\/p>\n<p>Nat\u00fcrlich d\u00fcrfen sich die Ballg\u00e4ste auch auf diverse Highlights in Form von spektakul\u00e4ren Showauftritten der Tanzpaare beider Vereine freuen.<\/p>\n<p style=\"text-align: center;\">SAVE THE DATE<\/p>\n<\/div>\n\n","protected":false},"excerpt":{"rendered":"<p>Am 28. November 2026 ist es wieder soweit: Die Oldenburger Tanzsportvereine TTC Oldenburg und TCH Oldenburg laden zum Oldenburger Winterball ein. Diese [&hellip;]<\/p>\n","protected":false},"author":2,"featured_media":0,"parent":0,"menu_order":0,"comment_status":"closed","ping_status":"closed","template":"","meta":{"footnotes":""},"class_list":["post-975","page","type-page","status-publish","hentry"],"jetpack_sharing_enabled":true,"_links":{"self":[{"href":"https:\/\/winterball-oldenburg.de\/wordpress\/wp-json\/wp\/v2\/pages\/975","targetHints":{"allow":["GET"]}}],"collection":[{"href":"https:\/\/winterball-oldenburg.de\/wordpress\/wp-json\/wp\/v2\/pages"}],"about":[{"href":"https:\/\/winterball-oldenburg.de\/wordpress\/wp-json\/wp\/v2\/types\/page"}],"author":[{"embeddable":true,"href":"https:\/\/winterball-oldenburg.de\/wordpress\/wp-json\/wp\/v2\/users\/2"}],"replies":[{"embeddable":true,"href":"https:\/\/winterball-oldenburg.de\/wordpress\/wp-json\/wp\/v2\/comments?post=975"}],"version-history":[{"count":38,"href":"https:\/\/winterball-oldenburg.de\/wordpress\/wp-json\/wp\/v2\/pages\/975\/revisions"}],"predecessor-version":[{"id":2504,"href":"https:\/\/winterball-oldenburg.de\/wordpress\/wp-json\/wp\/v2\/pages\/975\/revisions\/2504"}],"wp:attachment":[{"href":"https:\/\/winterball-oldenburg.de\/wordpress\/wp-json\/wp\/v2\/media?parent=975"}],"curies":[{"name":"wp","href":"https:\/\/api.w.org\/{rel}","templated":true}]}}