{"id":9,"date":"2014-09-24T12:05:39","date_gmt":"2014-09-24T10:05:39","guid":{"rendered":"http:\/\/winterball-oldenburg.de\/wordpress\/?page_id=9"},"modified":"2015-11-11T11:54:29","modified_gmt":"2015-11-11T09:54:29","slug":"infos-anfahrt","status":"publish","type":"page","link":"https:\/\/winterball-oldenburg.de\/wordpress\/infos-anfahrt\/","title":{"rendered":"Anfahrt &#038; Wegbeschreibung"},"content":{"rendered":"<p>Der Winterball findet in diesem Jahr in den Fests\u00e4len der Weser-Ems-Halle statt.<\/p>\n<p>F\u00fcr die Anfahrt mit dem Navigationsger\u00e4t, bitte die Adresse &#8222;Europaplatz 12, 26123 Oldenburg&#8220; angeben.<\/p>\n<p>Mit den \u00f6ffentlichen Verkehrsmitteln ist die Weser-Ems-Halle entweder in 5 Minuten zu Fu\u00df vom ZOB Oldenburg, oder mit den Linien 309 und 314 zu erreichen. Haltestelle: &#8222;Weser-Ems-Halle&#8220;<\/p>\n\n","protected":false},"excerpt":{"rendered":"<p>Der Winterball findet in diesem Jahr in den Fests\u00e4len der Weser-Ems-Halle statt. F\u00fcr die Anfahrt mit dem Navigationsger\u00e4t, bitte die Adresse &#8222;Europaplatz [&hellip;]<\/p>\n","protected":false},"author":1,"featured_media":0,"parent":0,"menu_order":0,"comment_status":"open","ping_status":"open","template":"","meta":{"footnotes":""},"class_list":["post-9","page","type-page","status-publish","hentry"],"jetpack_sharing_enabled":true,"_links":{"self":[{"href":"https:\/\/winterball-oldenburg.de\/wordpress\/wp-json\/wp\/v2\/pages\/9","targetHints":{"allow":["GET"]}}],"collection":[{"href":"https:\/\/winterball-oldenburg.de\/wordpress\/wp-json\/wp\/v2\/pages"}],"about":[{"href":"https:\/\/winterball-oldenburg.de\/wordpress\/wp-json\/wp\/v2\/types\/page"}],"author":[{"embeddable":true,"href":"https:\/\/winterball-oldenburg.de\/wordpress\/wp-json\/wp\/v2\/users\/1"}],"replies":[{"embeddable":true,"href":"https:\/\/winterball-oldenburg.de\/wordpress\/wp-json\/wp\/v2\/comments?post=9"}],"version-history":[{"count":9,"href":"https:\/\/winterball-oldenburg.de\/wordpress\/wp-json\/wp\/v2\/pages\/9\/revisions"}],"predecessor-version":[{"id":207,"href":"https:\/\/winterball-oldenburg.de\/wordpress\/wp-json\/wp\/v2\/pages\/9\/revisions\/207"}],"wp:attachment":[{"href":"https:\/\/winterball-oldenburg.de\/wordpress\/wp-json\/wp\/v2\/media?parent=9"}],"curies":[{"name":"wp","href":"https:\/\/api.w.org\/{rel}","templated":true}]}}