{"id":491,"date":"2018-05-23T11:51:45","date_gmt":"2018-05-23T09:51:45","guid":{"rendered":"http:\/\/winterball-oldenburg.de\/wordpress\/?page_id=491"},"modified":"2023-07-22T18:18:47","modified_gmt":"2023-07-22T16:18:47","slug":"datenschutzerklaerung","status":"publish","type":"page","link":"https:\/\/winterball-oldenburg.de\/wordpress\/datenschutzerklaerung\/","title":{"rendered":"Datenschutzerkl\u00e4rung"},"content":{"rendered":"<h2>Websidebetreiber<\/h2>\n<p>Wir sind ein Zusammenschluss zweier Vereine, dem TCH Oldenburg e. V. einerseits und dem Tanz-Turnier-Club Oldenburg e. V. andererseits. Gemeinsam veranstalten wir den Oldenburger Winterball. Die Adresse unserer Website ist: https:\/\/winterball-oldenburg.de\/wordpress.<\/p>\n<h2>Personenbezogene Daten<\/h2>\n<h3>Geltungsbereich<\/h3>\n<p>Diese Datenschutzerkl\u00e4rung soll Personen, die sich f\u00fcr eine Veranstaltung des o. a. Websitebetreibers anmelden, gem\u00e4\u00df Bundesdatenschutzgesetz und Telemediengesetz \u00fcber die Art, den Umfang und den Zweck der Erhebung und Verwendung personenbezogener Daten durch den Websitebetreiber informieren.<\/p>\n<p>Der Websitebetreiber nimmt Ihren Datenschutz sehr ernst und behandelt Ihre<br \/>\npersonenbezogenen Daten vertraulich und entsprechend der gesetzlichen Vorschriften.<br \/>\nBedenken Sie, dass die Daten\u00fcbertragung im Internet grunds\u00e4tzlich mit Sicherheitsl\u00fccken<br \/>\nbedacht sein kann. Ein vollumf\u00e4nglicher Schutz vor dem Zugriff durch Fremde ist nicht<br \/>\nrealisierbar.<\/p>\n<h3>Eingebettete Inhalte von anderen Websites<\/h3>\n<p>Beitr\u00e4ge auf dieser Website k\u00f6nnen eingebettete Inhalte beinhalten (z.\u00a0B. Videos, Bilder, Beitr\u00e4ge etc.). Eingebettete Inhalte von anderen Websites verhalten sich exakt so, als ob der Besucher die andere Website besucht h\u00e4tte.<\/p>\n<p>Diese Websites k\u00f6nnen Daten \u00fcber Sie sammeln, Cookies benutzen, zus\u00e4tzliche Tracking-Dienste von Dritten einbetten und IhreInteraktion mit diesem eingebetteten Inhalt aufzeichnen, inklusive Ihrer Interaktion mit dem eingebetteten Inhalt, falls Sie ein Konto haben und auf dieser Website angemeldet sind.<\/p>\n<h3><strong>Erhobene Daten<\/strong><\/h3>\n<p>Der Websitebetreiber bzw. Seitenprovider erhebt folgende Daten bei der Anmeldung zu einer seiner Veranstaltungen: Namen, Anschrift, Email-Adresse, Geburtsdatum und Statusdaten (zur Ermittlung m\u00f6glicher Erm\u00e4\u00dfigungen beim Eintrittspreis), Bankdaten.<\/p>\n<p>Die Daten mit Ausnahme der Email-Adresse werden innerhalb einer Frist von 1 Monat nach Ablauf der Veranstaltung gel\u00f6scht.<\/p>\n<h3><strong>Umgang mit personenbezogenen Daten<\/strong><\/h3>\n<p>Die erhobenen Daten werden zur Vorbereitung und Abrechnung der Veranstaltung verwendet. Zudem wird die Email-Adresse zur Information \u00fcber \u00e4hnliche Veranstaltungen des Websitebetreibers verwendet. Die zu diesen Zwecken erhobenen Daten werden nicht an Dritte \u00fcbertragen.<\/p>\n<h3><strong>Widerruf<\/strong><\/h3>\n<p>Den Widerruf zur Speicherung der o. a. Daten richten Sie bitte form<span style=\"color: #000000;\">los an\u00a0<a style=\"color: #000000; text-decoration: underline;\" href=\"mailto:info@winterball-oldenburg.de\">info@winterball-oldenburg.de<\/a>.<\/span><\/p>\n","protected":false},"excerpt":{"rendered":"<p>Websidebetreiber Wir sind ein Zusammenschluss zweier Vereine, dem TCH Oldenburg e. V. einerseits und dem Tanz-Turnier-Club Oldenburg e. V. andererseits. Gemeinsam veranstalten [&hellip;]<\/p>\n","protected":false},"author":1,"featured_media":0,"parent":0,"menu_order":0,"comment_status":"closed","ping_status":"closed","template":"","meta":{"footnotes":""},"class_list":["post-491","page","type-page","status-publish","hentry"],"jetpack_sharing_enabled":true,"_links":{"self":[{"href":"https:\/\/winterball-oldenburg.de\/wordpress\/wp-json\/wp\/v2\/pages\/491","targetHints":{"allow":["GET"]}}],"collection":[{"href":"https:\/\/winterball-oldenburg.de\/wordpress\/wp-json\/wp\/v2\/pages"}],"about":[{"href":"https:\/\/winterball-oldenburg.de\/wordpress\/wp-json\/wp\/v2\/types\/page"}],"author":[{"embeddable":true,"href":"https:\/\/winterball-oldenburg.de\/wordpress\/wp-json\/wp\/v2\/users\/1"}],"replies":[{"embeddable":true,"href":"https:\/\/winterball-oldenburg.de\/wordpress\/wp-json\/wp\/v2\/comments?post=491"}],"version-history":[{"count":4,"href":"https:\/\/winterball-oldenburg.de\/wordpress\/wp-json\/wp\/v2\/pages\/491\/revisions"}],"predecessor-version":[{"id":2377,"href":"https:\/\/winterball-oldenburg.de\/wordpress\/wp-json\/wp\/v2\/pages\/491\/revisions\/2377"}],"wp:attachment":[{"href":"https:\/\/winterball-oldenburg.de\/wordpress\/wp-json\/wp\/v2\/media?parent=491"}],"curies":[{"name":"wp","href":"https:\/\/api.w.org\/{rel}","templated":true}]}}